{"id":48,"date":"2022-12-19T19:22:55","date_gmt":"2022-12-19T22:22:55","guid":{"rendered":"https:\/\/dhauss.36host.com.br\/?page_id=48"},"modified":"2023-01-27T10:37:10","modified_gmt":"2023-01-27T13:37:10","slug":"vendas","status":"publish","type":"page","link":"https:\/\/dhauss.com.br\/locacao\/solucoes\/vendas\/","title":{"rendered":"Vendas"},"content":{"rendered":"\t\t<div data-elementor-type=\"wp-page\" data-elementor-id=\"48\" class=\"elementor elementor-48\">\n\t\t\t\t\t\t\t\t\t<section class=\"elementor-section elementor-top-section elementor-element elementor-element-04e699b elementor-section-boxed elementor-section-height-default elementor-section-height-default\" data-id=\"04e699b\" data-element_type=\"section\" data-settings=\"{&quot;background_background&quot;:&quot;classic&quot;}\">\n\t\t\t\t\t\t<div class=\"elementor-container elementor-column-gap-default\">\n\t\t\t\t\t<div class=\"elementor-column elementor-col-100 elementor-top-column elementor-element elementor-element-dcd016c\" data-id=\"dcd016c\" data-element_type=\"column\" data-settings=\"{&quot;background_background&quot;:&quot;classic&quot;}\">\n\t\t\t<div class=\"elementor-widget-wrap elementor-element-populated\">\n\t\t\t\t\t\t\t\t<div class=\"elementor-element elementor-element-a30ba6f elementor-widget elementor-widget-heading\" data-id=\"a30ba6f\" data-element_type=\"widget\" data-widget_type=\"heading.default\">\n\t\t\t\t<div class=\"elementor-widget-container\">\n\t\t\t<style>\/*! elementor - v3.9.1 - 14-12-2022 *\/\n.elementor-heading-title{padding:0;margin:0;line-height:1}.elementor-widget-heading .elementor-heading-title[class*=elementor-size-]>a{color:inherit;font-size:inherit;line-height:inherit}.elementor-widget-heading .elementor-heading-title.elementor-size-small{font-size:15px}.elementor-widget-heading .elementor-heading-title.elementor-size-medium{font-size:19px}.elementor-widget-heading .elementor-heading-title.elementor-size-large{font-size:29px}.elementor-widget-heading .elementor-heading-title.elementor-size-xl{font-size:39px}.elementor-widget-heading .elementor-heading-title.elementor-size-xxl{font-size:59px}<\/style><h3 class=\"elementor-heading-title elementor-size-default\">Atualmente com sede em S\u00e3o Sebasti\u00e3o do Ca\u00ed no Rio Grande do Sul, com vasta experi\u00eancia no\nmercado moveleiro, a empresa \u00e9 reconhecida por seus produtos inovadores, tecnologia aplicada e\nsua originalidade.<\/h3>\t\t<\/div>\n\t\t\t\t<\/div>\n\t\t\t\t<div class=\"elementor-element elementor-element-c99a536 elementor-widget elementor-widget-text-editor\" data-id=\"c99a536\" data-element_type=\"widget\" data-widget_type=\"text-editor.default\">\n\t\t\t\t<div class=\"elementor-widget-container\">\n\t\t\t<style>\/*! elementor - v3.9.1 - 14-12-2022 *\/\n.elementor-widget-text-editor.elementor-drop-cap-view-stacked .elementor-drop-cap{background-color:#818a91;color:#fff}.elementor-widget-text-editor.elementor-drop-cap-view-framed .elementor-drop-cap{color:#818a91;border:3px solid;background-color:transparent}.elementor-widget-text-editor:not(.elementor-drop-cap-view-default) .elementor-drop-cap{margin-top:8px}.elementor-widget-text-editor:not(.elementor-drop-cap-view-default) .elementor-drop-cap-letter{width:1em;height:1em}.elementor-widget-text-editor .elementor-drop-cap{float:left;text-align:center;line-height:1;font-size:50px}.elementor-widget-text-editor .elementor-drop-cap-letter{display:inline-block}<\/style>\t\t\t\t Com mais de 14 anos no mercado moveleiro, produzindo m\u00f3veis para loca\u00e7\u00e3o, tem criado uma solidez que gera a confian\u00e7a dos clientes\nem seu amplo leque de produtos e servi\u00e7os ofertados com rigoroso padr\u00e3o de excel\u00eancia, buscando sempre os resultados do neg\u00f3cio e a satisfa\u00e7\u00e3o\nplena dos clientes.\nTrabalhamos constantemente para criar e\ninovar, tanto no desenvolvimento de novos produtos, como m\u00e9todos de comercializa\u00e7\u00e3o, sempre\ncom foco no anseio das necessidades do cliente e seu ambiente, incrementando e investindo constantemente em novas tecnologias e \nproporcionando satisfa\u00e7\u00e3o pessoal e profissional.\n\t\t\t\t\t\t<\/div>\n\t\t\t\t<\/div>\n\t\t\t\t<div class=\"elementor-element elementor-element-a24ecac elementor-align-center elementor-widget elementor-widget-button\" data-id=\"a24ecac\" data-element_type=\"widget\" data-widget_type=\"button.default\">\n\t\t\t\t<div class=\"elementor-widget-container\">\n\t\t\t\t\t<div class=\"elementor-button-wrapper\">\n\t\t\t<a href=\"https:\/\/web.whatsapp.com\/send?phone=5551997568111&#038;text=Ola!%20Acessei%20o%20site%20e%20gostaria%20de%20mais%20informa%C3%A7%C3%B5es%20sobre\" class=\"elementor-button-link elementor-button elementor-size-md\" role=\"button\">\n\t\t\t\t\t\t<span class=\"elementor-button-content-wrapper\">\n\t\t\t\t\t\t<span class=\"elementor-button-text\">Solicitar or\u00e7amento<\/span>\n\t\t<\/span>\n\t\t\t\t\t<\/a>\n\t\t<\/div>\n\t\t\t\t<\/div>\n\t\t\t\t<\/div>\n\t\t\t\t\t<\/div>\n\t\t<\/div>\n\t\t\t\t\t\t\t<\/div>\n\t\t<\/section>\n\t\t\t\t\t\t\t<\/div>\n\t\t","protected":false},"excerpt":{"rendered":"<p>Atualmente com sede em S\u00e3o Sebasti\u00e3o do Ca\u00ed no Rio Grande do Sul, com vasta experi\u00eancia no mercado moveleiro, a empresa \u00e9 reconhecida por seus produtos inovadores, tecnologia aplicada e sua originalidade. Com mais de 14 anos no mercado moveleiro, produzindo m\u00f3veis para loca\u00e7\u00e3o, tem criado uma solidez que gera a confian\u00e7a dos clientes em [&hellip;]<\/p>\n","protected":false},"author":1,"featured_media":306,"parent":44,"menu_order":0,"comment_status":"closed","ping_status":"closed","template":"","meta":{"footnotes":""},"class_list":["post-48","page","type-page","status-publish","has-post-thumbnail","hentry"],"yoast_head":"<!-- This site is optimized with the Yoast SEO plugin v19.13 - https:\/\/yoast.com\/wordpress\/plugins\/seo\/ -->\n<title>Vendas - Dhauss Loca\u00e7\u00e3o de M\u00f3veis.<\/title>\n<meta name=\"robots\" content=\"index, follow, max-snippet:-1, max-image-preview:large, max-video-preview:-1\" \/>\n<link rel=\"canonical\" href=\"https:\/\/dhauss.com.br\/locacao\/solucoes\/vendas\/\" \/>\n<meta property=\"og:locale\" content=\"pt_BR\" \/>\n<meta property=\"og:type\" content=\"article\" \/>\n<meta property=\"og:title\" content=\"Vendas - Dhauss Loca\u00e7\u00e3o de M\u00f3veis.\" \/>\n<meta property=\"og:description\" content=\"Atualmente com sede em S\u00e3o Sebasti\u00e3o do Ca\u00ed no Rio Grande do Sul, com vasta experi\u00eancia no mercado moveleiro, a empresa \u00e9 reconhecida por seus produtos inovadores, tecnologia aplicada e sua originalidade. Com mais de 14 anos no mercado moveleiro, produzindo m\u00f3veis para loca\u00e7\u00e3o, tem criado uma solidez que gera a confian\u00e7a dos clientes em [&hellip;]\" \/>\n<meta property=\"og:url\" content=\"https:\/\/dhauss.com.br\/locacao\/solucoes\/vendas\/\" \/>\n<meta property=\"og:site_name\" content=\"Dhauss Loca\u00e7\u00e3o de M\u00f3veis.\" \/>\n<meta property=\"article:modified_time\" content=\"2023-01-27T13:37:10+00:00\" \/>\n<meta property=\"og:image\" content=\"https:\/\/dhauss.com.br\/locacao\/wp-content\/uploads\/2022\/12\/vendas.jpg\" \/>\n\t<meta property=\"og:image:width\" content=\"1920\" \/>\n\t<meta property=\"og:image:height\" content=\"768\" \/>\n\t<meta property=\"og:image:type\" content=\"image\/jpeg\" \/>\n<meta name=\"twitter:card\" content=\"summary_large_image\" \/>\n<meta name=\"twitter:label1\" content=\"Est. tempo de leitura\" \/>\n\t<meta name=\"twitter:data1\" content=\"1 minuto\" \/>\n<script type=\"application\/ld+json\" class=\"yoast-schema-graph\">{\"@context\":\"https:\/\/schema.org\",\"@graph\":[{\"@type\":\"WebPage\",\"@id\":\"https:\/\/dhauss.com.br\/locacao\/solucoes\/vendas\/\",\"url\":\"https:\/\/dhauss.com.br\/locacao\/solucoes\/vendas\/\",\"name\":\"Vendas - Dhauss Loca\u00e7\u00e3o de M\u00f3veis.\",\"isPartOf\":{\"@id\":\"https:\/\/dhauss.com.br\/locacao\/#website\"},\"datePublished\":\"2022-12-19T22:22:55+00:00\",\"dateModified\":\"2023-01-27T13:37:10+00:00\",\"breadcrumb\":{\"@id\":\"https:\/\/dhauss.com.br\/locacao\/solucoes\/vendas\/#breadcrumb\"},\"inLanguage\":\"pt-BR\",\"potentialAction\":[{\"@type\":\"ReadAction\",\"target\":[\"https:\/\/dhauss.com.br\/locacao\/solucoes\/vendas\/\"]}]},{\"@type\":\"BreadcrumbList\",\"@id\":\"https:\/\/dhauss.com.br\/locacao\/solucoes\/vendas\/#breadcrumb\",\"itemListElement\":[{\"@type\":\"ListItem\",\"position\":1,\"name\":\"In\u00edcio\",\"item\":\"https:\/\/dhauss.com.br\/locacao\/\"},{\"@type\":\"ListItem\",\"position\":2,\"name\":\"Solu\u00e7\u00f5es\",\"item\":\"https:\/\/dhauss.com.br\/locacao\/solucoes\/\"},{\"@type\":\"ListItem\",\"position\":3,\"name\":\"Vendas\"}]},{\"@type\":\"WebSite\",\"@id\":\"https:\/\/dhauss.com.br\/locacao\/#website\",\"url\":\"https:\/\/dhauss.com.br\/locacao\/\",\"name\":\"Dhauss Loca\u00e7\u00e3o de M\u00f3veis.\",\"description\":\"A melhor empresa de aluguel de m\u00f3veis para escrit\u00f3rio e Call Center do Brasil\",\"potentialAction\":[{\"@type\":\"SearchAction\",\"target\":{\"@type\":\"EntryPoint\",\"urlTemplate\":\"https:\/\/dhauss.com.br\/locacao\/?s={search_term_string}\"},\"query-input\":\"required name=search_term_string\"}],\"inLanguage\":\"pt-BR\"}]}<\/script>\n<!-- \/ Yoast SEO plugin. -->","yoast_head_json":{"title":"Vendas - Dhauss Loca\u00e7\u00e3o de M\u00f3veis.","robots":{"index":"index","follow":"follow","max-snippet":"max-snippet:-1","max-image-preview":"max-image-preview:large","max-video-preview":"max-video-preview:-1"},"canonical":"https:\/\/dhauss.com.br\/locacao\/solucoes\/vendas\/","og_locale":"pt_BR","og_type":"article","og_title":"Vendas - Dhauss Loca\u00e7\u00e3o de M\u00f3veis.","og_description":"Atualmente com sede em S\u00e3o Sebasti\u00e3o do Ca\u00ed no Rio Grande do Sul, com vasta experi\u00eancia no mercado moveleiro, a empresa \u00e9 reconhecida por seus produtos inovadores, tecnologia aplicada e sua originalidade. Com mais de 14 anos no mercado moveleiro, produzindo m\u00f3veis para loca\u00e7\u00e3o, tem criado uma solidez que gera a confian\u00e7a dos clientes em [&hellip;]","og_url":"https:\/\/dhauss.com.br\/locacao\/solucoes\/vendas\/","og_site_name":"Dhauss Loca\u00e7\u00e3o de M\u00f3veis.","article_modified_time":"2023-01-27T13:37:10+00:00","og_image":[{"width":1920,"height":768,"url":"https:\/\/dhauss.com.br\/locacao\/wp-content\/uploads\/2022\/12\/vendas.jpg","type":"image\/jpeg"}],"twitter_card":"summary_large_image","twitter_misc":{"Est. tempo de leitura":"1 minuto"},"schema":{"@context":"https:\/\/schema.org","@graph":[{"@type":"WebPage","@id":"https:\/\/dhauss.com.br\/locacao\/solucoes\/vendas\/","url":"https:\/\/dhauss.com.br\/locacao\/solucoes\/vendas\/","name":"Vendas - Dhauss Loca\u00e7\u00e3o de M\u00f3veis.","isPartOf":{"@id":"https:\/\/dhauss.com.br\/locacao\/#website"},"datePublished":"2022-12-19T22:22:55+00:00","dateModified":"2023-01-27T13:37:10+00:00","breadcrumb":{"@id":"https:\/\/dhauss.com.br\/locacao\/solucoes\/vendas\/#breadcrumb"},"inLanguage":"pt-BR","potentialAction":[{"@type":"ReadAction","target":["https:\/\/dhauss.com.br\/locacao\/solucoes\/vendas\/"]}]},{"@type":"BreadcrumbList","@id":"https:\/\/dhauss.com.br\/locacao\/solucoes\/vendas\/#breadcrumb","itemListElement":[{"@type":"ListItem","position":1,"name":"In\u00edcio","item":"https:\/\/dhauss.com.br\/locacao\/"},{"@type":"ListItem","position":2,"name":"Solu\u00e7\u00f5es","item":"https:\/\/dhauss.com.br\/locacao\/solucoes\/"},{"@type":"ListItem","position":3,"name":"Vendas"}]},{"@type":"WebSite","@id":"https:\/\/dhauss.com.br\/locacao\/#website","url":"https:\/\/dhauss.com.br\/locacao\/","name":"Dhauss Loca\u00e7\u00e3o de M\u00f3veis.","description":"A melhor empresa de aluguel de m\u00f3veis para escrit\u00f3rio e Call Center do Brasil","potentialAction":[{"@type":"SearchAction","target":{"@type":"EntryPoint","urlTemplate":"https:\/\/dhauss.com.br\/locacao\/?s={search_term_string}"},"query-input":"required name=search_term_string"}],"inLanguage":"pt-BR"}]}},"_links":{"self":[{"href":"https:\/\/dhauss.com.br\/locacao\/wp-json\/wp\/v2\/pages\/48","targetHints":{"allow":["GET"]}}],"collection":[{"href":"https:\/\/dhauss.com.br\/locacao\/wp-json\/wp\/v2\/pages"}],"about":[{"href":"https:\/\/dhauss.com.br\/locacao\/wp-json\/wp\/v2\/types\/page"}],"author":[{"embeddable":true,"href":"https:\/\/dhauss.com.br\/locacao\/wp-json\/wp\/v2\/users\/1"}],"replies":[{"embeddable":true,"href":"https:\/\/dhauss.com.br\/locacao\/wp-json\/wp\/v2\/comments?post=48"}],"version-history":[{"count":19,"href":"https:\/\/dhauss.com.br\/locacao\/wp-json\/wp\/v2\/pages\/48\/revisions"}],"predecessor-version":[{"id":1033,"href":"https:\/\/dhauss.com.br\/locacao\/wp-json\/wp\/v2\/pages\/48\/revisions\/1033"}],"up":[{"embeddable":true,"href":"https:\/\/dhauss.com.br\/locacao\/wp-json\/wp\/v2\/pages\/44"}],"wp:featuredmedia":[{"embeddable":true,"href":"https:\/\/dhauss.com.br\/locacao\/wp-json\/wp\/v2\/media\/306"}],"wp:attachment":[{"href":"https:\/\/dhauss.com.br\/locacao\/wp-json\/wp\/v2\/media?parent=48"}],"curies":[{"name":"wp","href":"https:\/\/api.w.org\/{rel}","templated":true}]}}